{"id":9999,"date":"2025-06-22T10:51:00","date_gmt":"2025-06-22T08:51:00","guid":{"rendered":"https:\/\/www.lesarcsenciel.fr\/AeC\/?page_id=9999"},"modified":"2025-06-22T10:54:45","modified_gmt":"2025-06-22T08:54:45","slug":"les-medias","status":"publish","type":"page","link":"https:\/\/www.lesarcsenciel.fr\/AeC\/les-medias\/","title":{"rendered":"Les m\u00e9dias"},"content":{"rendered":"<p>Depuis le temps, le club a quelques belles photos et vid\u00e9os int\u00e9ressantes. Vous les retrouverez dans les pages ci dessous.<\/p>\n<p><a href=\"https:\/\/www.lesarcsenciel.fr\/AeC\/videos\/\">Nos vid\u00e9os.<\/a><\/p>\n<p><a href=\"https:\/\/www.lesarcsenciel.fr\/AeC\/photos\/\">Nos photos.<\/a><\/p>\n","protected":false},"excerpt":{"rendered":"<p>Depuis le temps, le club a quelques belles photos et vid\u00e9os int\u00e9ressantes. Vous les retrouverez dans les pages ci dessous. Nos vid\u00e9os. Nos photos.<\/p>\n","protected":false},"author":2,"featured_media":0,"parent":0,"menu_order":0,"comment_status":"closed","ping_status":"closed","template":"","meta":{"_seopress_robots_primary_cat":"","_seopress_titles_title":"","_seopress_titles_desc":"","_seopress_robots_index":"","footnotes":""},"class_list":["post-9999","page","type-page","status-publish","hentry"],"_links":{"self":[{"href":"https:\/\/www.lesarcsenciel.fr\/AeC\/wp-json\/wp\/v2\/pages\/9999","targetHints":{"allow":["GET"]}}],"collection":[{"href":"https:\/\/www.lesarcsenciel.fr\/AeC\/wp-json\/wp\/v2\/pages"}],"about":[{"href":"https:\/\/www.lesarcsenciel.fr\/AeC\/wp-json\/wp\/v2\/types\/page"}],"author":[{"embeddable":true,"href":"https:\/\/www.lesarcsenciel.fr\/AeC\/wp-json\/wp\/v2\/users\/2"}],"replies":[{"embeddable":true,"href":"https:\/\/www.lesarcsenciel.fr\/AeC\/wp-json\/wp\/v2\/comments?post=9999"}],"version-history":[{"count":1,"href":"https:\/\/www.lesarcsenciel.fr\/AeC\/wp-json\/wp\/v2\/pages\/9999\/revisions"}],"predecessor-version":[{"id":10002,"href":"https:\/\/www.lesarcsenciel.fr\/AeC\/wp-json\/wp\/v2\/pages\/9999\/revisions\/10002"}],"wp:attachment":[{"href":"https:\/\/www.lesarcsenciel.fr\/AeC\/wp-json\/wp\/v2\/media?parent=9999"}],"curies":[{"name":"wp","href":"https:\/\/api.w.org\/{rel}","templated":true}]}}