{"id":9662,"date":"2024-12-13T21:14:24","date_gmt":"2024-12-13T20:14:24","guid":{"rendered":"https:\/\/127.0.0.1\/AeC\/?page_id=9662"},"modified":"2025-04-15T11:34:35","modified_gmt":"2025-04-15T09:34:35","slug":"outils","status":"publish","type":"page","link":"https:\/\/www.lesarcsenciel.fr\/AeC\/outils\/","title":{"rendered":"Outils"},"content":{"rendered":"<p>Vous trouverez dans les outils, de la documentation, des liens afin de mieux appr\u00e9hender le parapente.<\/p>\n<p>La page <a href=\"https:\/\/www.lesarcsenciel.fr\/AeC\/le_vent_du_moment\/\">le vent du moment<\/a> permet de comparer des mod\u00e8les m\u00e9t\u00e9o et les donn\u00e9es de certaines balises sur les sites que nous pratiquons le plus.<\/p>\n<p>Nous proposons dans la page <a href=\"https:\/\/www.lesarcsenciel.fr\/AeC\/ou-voler\/meteo\/\">m\u00e9t\u00e9o<\/a> quelques liens vers diff\u00e9rents sites m\u00e9t\u00e9o.<\/p>\n<p>Gr\u00e2ce \u00e0 la page <a href=\"https:\/\/www.lesarcsenciel.fr\/AeC\/point-meteo\/\">point m\u00e9t\u00e9o<\/a> vous pourrez profiter d&rsquo;une m\u00e9thode d&rsquo;analyse\u00a0 m\u00e9t\u00e9o apprise par un des membres du club lors d&rsquo;un stage.<\/p>\n<p>La page <a href=\"https:\/\/www.lesarcsenciel.fr\/AeC\/les-espaces-aeriens\/\">espace a\u00e9riens<\/a> propose des outils afin de comprendre cette notion et visualiser les espaces a\u00e9riens.<\/p>\n<p>Pour finir la page <a href=\"https:\/\/www.lesarcsenciel.fr\/AeC\/ou-voler\/rapaces-et-vols-libres\/\">rapaces et vols libres<\/a> permet de visualiser des cartes afin de prendre les bonnes d\u00e9cisions de vol tout en pr\u00e9servant certains espaces.<\/p>\n","protected":false},"excerpt":{"rendered":"<p>Vous trouverez dans les outils, de la documentation, des liens afin de mieux appr\u00e9hender le parapente. La page le vent du moment permet de comparer des mod\u00e8les m\u00e9t\u00e9o et les donn\u00e9es de certaines balises sur les sites que nous pratiquons le plus. Nous proposons dans la page m\u00e9t\u00e9o quelques liens vers diff\u00e9rents sites m\u00e9t\u00e9o. Gr\u00e2ce &hellip; <\/p>\n<p class=\"link-more\"><a href=\"https:\/\/www.lesarcsenciel.fr\/AeC\/outils\/\" class=\"more-link\">Continuer la lecture<span class=\"screen-reader-text\"> de &laquo;&nbsp;Outils&nbsp;&raquo;<\/span><\/a><\/p>\n","protected":false},"author":2,"featured_media":0,"parent":0,"menu_order":0,"comment_status":"closed","ping_status":"closed","template":"","meta":{"_seopress_robots_primary_cat":"","_seopress_titles_title":"","_seopress_titles_desc":"","_seopress_robots_index":"","footnotes":""},"class_list":["post-9662","page","type-page","status-publish","hentry"],"_links":{"self":[{"href":"https:\/\/www.lesarcsenciel.fr\/AeC\/wp-json\/wp\/v2\/pages\/9662","targetHints":{"allow":["GET"]}}],"collection":[{"href":"https:\/\/www.lesarcsenciel.fr\/AeC\/wp-json\/wp\/v2\/pages"}],"about":[{"href":"https:\/\/www.lesarcsenciel.fr\/AeC\/wp-json\/wp\/v2\/types\/page"}],"author":[{"embeddable":true,"href":"https:\/\/www.lesarcsenciel.fr\/AeC\/wp-json\/wp\/v2\/users\/2"}],"replies":[{"embeddable":true,"href":"https:\/\/www.lesarcsenciel.fr\/AeC\/wp-json\/wp\/v2\/comments?post=9662"}],"version-history":[{"count":5,"href":"https:\/\/www.lesarcsenciel.fr\/AeC\/wp-json\/wp\/v2\/pages\/9662\/revisions"}],"predecessor-version":[{"id":9926,"href":"https:\/\/www.lesarcsenciel.fr\/AeC\/wp-json\/wp\/v2\/pages\/9662\/revisions\/9926"}],"wp:attachment":[{"href":"https:\/\/www.lesarcsenciel.fr\/AeC\/wp-json\/wp\/v2\/media?parent=9662"}],"curies":[{"name":"wp","href":"https:\/\/api.w.org\/{rel}","templated":true}]}}