{"id":4303,"date":"2014-11-25T15:21:55","date_gmt":"2014-11-25T14:21:55","guid":{"rendered":"http:\/\/lesarcsenciel.fr\/AeC\/?page_id=4303"},"modified":"2014-11-25T15:21:55","modified_gmt":"2014-11-25T14:21:55","slug":"le-grand-ratz","status":"publish","type":"page","link":"https:\/\/www.lesarcsenciel.fr\/AeC\/ou-voler\/le-grand-ratz\/","title":{"rendered":"Le Grand Ratz"},"content":{"rendered":"<table>\n<tbody>\n<tr>\n<td valign=\"top\"><img alt=\"\" loading=\"lazy\" decoding=\"async\" class=\"alignleft size-full wp-image-2049\" style=\"border-right: 20px solid white;\" src=\"\/AeC\/wp-content\/uploads\/2012\/06\/le_grand_ratz.png\" alt=\"\" width=\"417\" height=\"200\" \/><\/td>\n<td valign=\"top\">\n<h2>Le Grand Ratz<\/h2>\n<p>Site d\u2019apr\u00e8s-midi et de soir\u00e9e, il faut g\u00e9n\u00e9ralement attendre 14h pour que le soleil commence \u00e0 chauffer les falaises, que s\u2019installe la convection et que le d\u00e9co soit aliment\u00e9. Plusieurs km de ballade le long des falaises du Grand Ratz. Possibilit\u00e9 de cross en Chartreuse, via la Grande Sure, ou en Vercors, via la Dent de Moirans.<br \/>\nRenseignements principaux :<\/p>\n<ul>\n<li><strong>Orientations<\/strong>: (N), NW, W, SW<\/li>\n<li><strong>D\u00e9collages<\/strong>: Parapente et tremplin Delta \u00e0 200m\n<ul>\n<li>Altitude : 810m<\/li>\n<\/ul>\n<\/li>\n<li><strong>Atterrissage<\/strong>: En plaine, visible des d\u00e9collages, grand et sans danger\n<ul>\n<li>Altitude : 180m<\/li>\n<\/ul>\n<\/li>\n<li><strong>Massif<\/strong>: en bout de Chartreuse, \u00e0 proximit\u00e9 du Vercors<\/li>\n<li><strong>Possibilit\u00e9s de vol<\/strong>:\n<ul>\n<li>local \u00ab\u00a0\u00e9largi\u00a0\u00bb,<\/li>\n<li>soaring le soir, le long des falaises,<\/li>\n<li>cross en Chartreuse, via la Grande Sure, le Lorzier ou le Rocher de Chalves,<\/li>\n<li>cross en Vercors, via la Dent de Moirans et le Bec d\u2019Orient<\/li>\n<\/ul>\n<\/li>\n<li><strong>FFVL<\/strong> : <a href=\"http:\/\/federation.ffvl.fr\/sites_pratique\/voir\/1214\" target=\"_blank\">Site n\u00b0 38016<\/a> g\u00e9r\u00e9 par les Buses du Grand Ratz<\/li>\n<\/ul>\n<\/div>\n<\/td>\n<\/tr>\n<\/tbody>\n<\/table>\n","protected":false},"excerpt":{"rendered":"<p>Le Grand Ratz Site d\u2019apr\u00e8s-midi et de soir\u00e9e, il faut g\u00e9n\u00e9ralement attendre 14h pour que le soleil commence \u00e0 chauffer les falaises, que s\u2019installe la convection et que le d\u00e9co soit aliment\u00e9. Plusieurs km de ballade le long des falaises du Grand Ratz. Possibilit\u00e9 de cross en Chartreuse, via la Grande Sure, ou en Vercors, &hellip; <\/p>\n<p class=\"link-more\"><a href=\"https:\/\/www.lesarcsenciel.fr\/AeC\/ou-voler\/le-grand-ratz\/\" class=\"more-link\">Continuer la lecture<span class=\"screen-reader-text\"> de &laquo;&nbsp;Le Grand Ratz&nbsp;&raquo;<\/span><\/a><\/p>\n","protected":false},"author":2,"featured_media":0,"parent":2116,"menu_order":0,"comment_status":"closed","ping_status":"closed","template":"","meta":{"_seopress_robots_primary_cat":"","_seopress_titles_title":"","_seopress_titles_desc":"","_seopress_robots_index":"","footnotes":""},"class_list":["post-4303","page","type-page","status-publish","hentry"],"_links":{"self":[{"href":"https:\/\/www.lesarcsenciel.fr\/AeC\/wp-json\/wp\/v2\/pages\/4303","targetHints":{"allow":["GET"]}}],"collection":[{"href":"https:\/\/www.lesarcsenciel.fr\/AeC\/wp-json\/wp\/v2\/pages"}],"about":[{"href":"https:\/\/www.lesarcsenciel.fr\/AeC\/wp-json\/wp\/v2\/types\/page"}],"author":[{"embeddable":true,"href":"https:\/\/www.lesarcsenciel.fr\/AeC\/wp-json\/wp\/v2\/users\/2"}],"replies":[{"embeddable":true,"href":"https:\/\/www.lesarcsenciel.fr\/AeC\/wp-json\/wp\/v2\/comments?post=4303"}],"version-history":[{"count":0,"href":"https:\/\/www.lesarcsenciel.fr\/AeC\/wp-json\/wp\/v2\/pages\/4303\/revisions"}],"up":[{"embeddable":true,"href":"https:\/\/www.lesarcsenciel.fr\/AeC\/wp-json\/wp\/v2\/pages\/2116"}],"wp:attachment":[{"href":"https:\/\/www.lesarcsenciel.fr\/AeC\/wp-json\/wp\/v2\/media?parent=4303"}],"curies":[{"name":"wp","href":"https:\/\/api.w.org\/{rel}","templated":true}]}}