{"id":4301,"date":"2014-11-25T15:20:38","date_gmt":"2014-11-25T14:20:38","guid":{"rendered":"http:\/\/lesarcsenciel.fr\/AeC\/?page_id=4301"},"modified":"2025-06-07T15:47:34","modified_gmt":"2025-06-07T13:47:34","slug":"montaud-2","status":"publish","type":"page","link":"https:\/\/www.lesarcsenciel.fr\/AeC\/ou-voler\/montaud-2\/","title":{"rendered":"Montaud"},"content":{"rendered":"<p>&nbsp;<\/p>\n<table style=\"height: 1139px;\" width=\"470\">\n<tbody>\n<tr>\n<td valign=\"top\">&nbsp;<\/p>\n<p>Atterro vue du ciel<\/p>\n<p><a href=\"https:\/\/www.lesarcsenciel.fr\/AeC\/wp-content\/uploads\/2021\/04\/vue-atterro-Eric-Bigillon-P4020010-scaled-1.jpeg\"><img alt=\"\" loading=\"lazy\" decoding=\"async\" class=\"alignleft wp-image-9278\" src=\"https:\/\/www.lesarcsenciel.fr\/AeC\/wp-content\/uploads\/2021\/04\/vue-atterro-Eric-Bigillon-P4020010-scaled-1.jpeg\" alt=\"\" width=\"179\" height=\"101\" srcset=\"https:\/\/www.lesarcsenciel.fr\/AeC\/wp-content\/uploads\/2021\/04\/vue-atterro-Eric-Bigillon-P4020010-scaled-1.jpeg 2560w, https:\/\/www.lesarcsenciel.fr\/AeC\/wp-content\/uploads\/2021\/04\/vue-atterro-Eric-Bigillon-P4020010-scaled-1-300x169.jpeg 300w, https:\/\/www.lesarcsenciel.fr\/AeC\/wp-content\/uploads\/2021\/04\/vue-atterro-Eric-Bigillon-P4020010-scaled-1-1024x576.jpeg 1024w, https:\/\/www.lesarcsenciel.fr\/AeC\/wp-content\/uploads\/2021\/04\/vue-atterro-Eric-Bigillon-P4020010-scaled-1-768x432.jpeg 768w, https:\/\/www.lesarcsenciel.fr\/AeC\/wp-content\/uploads\/2021\/04\/vue-atterro-Eric-Bigillon-P4020010-scaled-1-1536x864.jpeg 1536w, https:\/\/www.lesarcsenciel.fr\/AeC\/wp-content\/uploads\/2021\/04\/vue-atterro-Eric-Bigillon-P4020010-scaled-1-2048x1152.jpeg 2048w\" sizes=\"auto, (max-width: 179px) 100vw, 179px\" \/><\/a><\/p>\n<p><a href=\"https:\/\/www.lesarcsenciel.fr\/AeC\/wp-content\/uploads\/2021\/04\/vue-atterro-Eric-Bigillon-P4020009-reduit.jpeg\"><img alt=\"\" loading=\"lazy\" decoding=\"async\" class=\"alignleft wp-image-9277\" src=\"https:\/\/www.lesarcsenciel.fr\/AeC\/wp-content\/uploads\/2021\/04\/vue-atterro-Eric-Bigillon-P4020009-reduit.jpeg\" alt=\"\" width=\"177\" height=\"123\" srcset=\"https:\/\/www.lesarcsenciel.fr\/AeC\/wp-content\/uploads\/2021\/04\/vue-atterro-Eric-Bigillon-P4020009-reduit.jpeg 2191w, https:\/\/www.lesarcsenciel.fr\/AeC\/wp-content\/uploads\/2021\/04\/vue-atterro-Eric-Bigillon-P4020009-reduit-300x208.jpeg 300w, https:\/\/www.lesarcsenciel.fr\/AeC\/wp-content\/uploads\/2021\/04\/vue-atterro-Eric-Bigillon-P4020009-reduit-1024x710.jpeg 1024w, https:\/\/www.lesarcsenciel.fr\/AeC\/wp-content\/uploads\/2021\/04\/vue-atterro-Eric-Bigillon-P4020009-reduit-768x533.jpeg 768w, https:\/\/www.lesarcsenciel.fr\/AeC\/wp-content\/uploads\/2021\/04\/vue-atterro-Eric-Bigillon-P4020009-reduit-1536x1066.jpeg 1536w, https:\/\/www.lesarcsenciel.fr\/AeC\/wp-content\/uploads\/2021\/04\/vue-atterro-Eric-Bigillon-P4020009-reduit-2048x1421.jpeg 2048w\" sizes=\"auto, (max-width: 177px) 100vw, 177px\" \/><\/a><\/p>\n<p><a href=\"https:\/\/www.lesarcsenciel.fr\/AeC\/wp-content\/uploads\/2021\/04\/Montaud-v0-atterro-Pkg.jpg\"><img alt=\"\" loading=\"lazy\" decoding=\"async\" class=\"wp-image-9271\" src=\"https:\/\/www.lesarcsenciel.fr\/AeC\/wp-content\/uploads\/2021\/04\/Montaud-v0-atterro-Pkg.jpg\" alt=\"\" width=\"180\" height=\"109\" srcset=\"https:\/\/www.lesarcsenciel.fr\/AeC\/wp-content\/uploads\/2021\/04\/Montaud-v0-atterro-Pkg.jpg 1339w, https:\/\/www.lesarcsenciel.fr\/AeC\/wp-content\/uploads\/2021\/04\/Montaud-v0-atterro-Pkg-300x181.jpg 300w, https:\/\/www.lesarcsenciel.fr\/AeC\/wp-content\/uploads\/2021\/04\/Montaud-v0-atterro-Pkg-1024x618.jpg 1024w, https:\/\/www.lesarcsenciel.fr\/AeC\/wp-content\/uploads\/2021\/04\/Montaud-v0-atterro-Pkg-768x463.jpg 768w\" sizes=\"auto, (max-width: 180px) 100vw, 180px\" \/><\/a><\/td>\n<td valign=\"top\">\n<h2>Montaud<\/h2>\n<p>Montaud est un magnifique site d\u2019apr\u00e8s-midi et de soir\u00e9e. Son orientation et les falaises font qu\u2019il <span style=\"font-family: inherit; font-size: inherit;\">n\u2019est au soleil qu\u2019en d\u00e9but d\u2019apr\u00e8s-midi et ce, d\u2019avril \u00e0 octobre. Mais les vols qu\u2019il permet sont fabuleux : 3 km de soaring le long des falaises, cross le long du Vercors W. Le passage au-dessus des cr\u00eates est un grand moment. Par contre, attention \u00e0 l\u2019atterrissage qui est (tr\u00e8s) turbulent : d\u00e9butants, attendez le soir pour vous poser !<\/span><\/p>\n<p>Renseignements principaux :<\/p>\n<ul>\n<li><strong>Orientations<\/strong>: NO<\/li>\n<li><strong>D\u00e9collages<\/strong>: Parapente et delta\n<ul>\n<li>Altitude : 1300m<\/li>\n<li>Panneau du d\u00e9co disponible <a href=\"https:\/\/www.lesarcsenciel.fr\/AeC\/wp-content\/uploads\/2021\/04\/panneau-Montaud-FFVL-vecto-V2021_Deco2.pdf\">ICI<\/a><\/li>\n<\/ul>\n<\/li>\n<li><strong>Atterrissage<\/strong>: A Montaud, non visible du d\u00e9co parapente, mais visible au virage suivant\n<ul>\n<li>Altitude : 705m<\/li>\n<li>Stationnement obligatoire sur le parking am\u00e9nag\u00e9.<\/li>\n<li>Acc\u00e8s atterrissage uniquement p\u00e9destre.<\/li>\n<li>Pas de pique-nique\/gonflage.<\/li>\n<li>Interdiction de survol \u00e0 basse altitude des zones habit\u00e9es en phase d\u2019atterrissage.<\/li>\n<li>Dangers : turbulences au-dessus de l\u2019atterrissage. Haies d\u2019arbres sur trois c\u00f4t\u00e9s.<\/li>\n<li>Construire son approche en tenant compte du vent dominant.<\/li>\n<li>Ne tenir compte de la manche \u00e0 air que lors de la finale.<\/li>\n<li><span style=\"color: #ff9900;\">Fermeture annuelle pour fenaison : Panneau (ferm\u00e9\/ouvert) au parking, v\u00e9rifier le avant de monter au d\u00e9co.<\/span><\/li>\n<li>Panneau de l&rsquo;atterro \u00a0<a href=\"https:\/\/www.lesarcsenciel.fr\/AeC\/wp-content\/uploads\/2025\/06\/panneau_montaus-attero.jpg\"><img loading=\"lazy\" decoding=\"async\" class=\"alignnone wp-image-9945 size-medium\" src=\"https:\/\/www.lesarcsenciel.fr\/AeC\/wp-content\/uploads\/2025\/06\/panneau_montaus-attero-300x210.jpg\" alt=\"Panneau atterro de Montaud\" width=\"300\" height=\"210\" srcset=\"https:\/\/www.lesarcsenciel.fr\/AeC\/wp-content\/uploads\/2025\/06\/panneau_montaus-attero-300x210.jpg 300w, https:\/\/www.lesarcsenciel.fr\/AeC\/wp-content\/uploads\/2025\/06\/panneau_montaus-attero-1024x717.jpg 1024w, https:\/\/www.lesarcsenciel.fr\/AeC\/wp-content\/uploads\/2025\/06\/panneau_montaus-attero-768x538.jpg 768w, https:\/\/www.lesarcsenciel.fr\/AeC\/wp-content\/uploads\/2025\/06\/panneau_montaus-attero.jpg 1418w\" sizes=\"auto, (max-width: 300px) 100vw, 300px\" \/><\/a><\/li>\n<\/ul>\n<\/li>\n<\/ul>\n<ul>\n<li><strong>Massif<\/strong>: en bout de Vercors, \u00e0 proximit\u00e9 de la Chartreuse<\/li>\n<li><strong>Possibilit\u00e9s de vol<\/strong>:\n<ul>\n<li>local et local \u00ab\u00a0\u00e9largi\u00a0\u00bb,<\/li>\n<li>longs vols du soir en soaring,<\/li>\n<li>d\u00e9part en cross vers le Sud : Pont en Royans et + si affinit\u00e9s !<\/li>\n<\/ul>\n<\/li>\n<li><strong>Pays Voironnais<\/strong> :<a href=\"https:\/\/www.paysvoironnais.info\/montaud\/site-de-montaud-parapente-et-delta-ffvl\/loisirs-sportifs.html#thaut\">Site de Montaud<\/a><\/li>\n<li><strong>FFVL<\/strong> : <a href=\"http:\/\/federation.ffvl.fr\/sites_pratique\/voir\/1216\" target=\"_blank\" rel=\"noopener noreferrer\">Site n\u00b0 38017<\/a> g\u00e9r\u00e9 par les Arcs en Ciel de Voreppe<\/li>\n<li>Une balise \u00ab\u00a0Piou Piou\u00a0\u00bb est install\u00e9e pour la saison d&rsquo;\u00e9t\u00e9. <strong><strong>Attention, cette balise indique Nord Est en cas de Sud fort. Pensez \u00e0 regarder les balises environnantes.<\/strong><\/strong><\/li>\n<\/ul>\n<p>Le panneau situ\u00e9 sur le parking est visible <a href=\"https:\/\/www.lesarcsenciel.fr\/AeC\/wp-content\/uploads\/2021\/04\/panneau-Montaud-FFVL-vecto-V2021_8-Parking.pdf\">ICI<\/a><\/td>\n<\/tr>\n<\/tbody>\n<\/table>\n<h2><span style=\"color: #ff0000;\">Attention\u00a0: <strong>\u00a0Site Fragile !<\/strong> <\/span><br \/>\nMerci de respecter ces quelques r\u00e8gles de fonctionnement simples qui peuvent contribuer \u00e0 sauvegarder ce site.<\/h2>\n<h2 style=\"text-align: center;\"><span style=\"color: #ff0000;\">La vitesse de 30km\/h est plus que conseiller \u00e0 la travers\u00e9 du village de MONTAUD.<\/span><\/h2>\n<p><img alt=\"\" loading=\"lazy\" decoding=\"async\" class=\"size-large wp-image-6385 aligncenter\" src=\"http:\/\/lesarcsenciel.fr\/AeC\/wp-content\/uploads\/2017\/06\/bd-1-1024x743.jpg\" alt=\"\" width=\"938\" height=\"681\" srcset=\"https:\/\/www.lesarcsenciel.fr\/AeC\/wp-content\/uploads\/2017\/06\/bd-1-1024x743.jpg 1024w, https:\/\/www.lesarcsenciel.fr\/AeC\/wp-content\/uploads\/2017\/06\/bd-1-300x218.jpg 300w, https:\/\/www.lesarcsenciel.fr\/AeC\/wp-content\/uploads\/2017\/06\/bd-1-768x558.jpg 768w, https:\/\/www.lesarcsenciel.fr\/AeC\/wp-content\/uploads\/2017\/06\/bd-1.jpg 1106w\" sizes=\"auto, (max-width: 767px) 89vw, (max-width: 1000px) 54vw, (max-width: 1071px) 543px, 580px\" \/><\/p>\n<p>&nbsp;<\/p>\n<p><img alt=\"\" loading=\"lazy\" decoding=\"async\" class=\"alignleft size-large wp-image-6386\" src=\"http:\/\/lesarcsenciel.fr\/AeC\/wp-content\/uploads\/2017\/06\/Bd-2-1024x743.jpg\" alt=\"\" width=\"938\" height=\"681\" srcset=\"https:\/\/www.lesarcsenciel.fr\/AeC\/wp-content\/uploads\/2017\/06\/Bd-2-1024x743.jpg 1024w, https:\/\/www.lesarcsenciel.fr\/AeC\/wp-content\/uploads\/2017\/06\/Bd-2-300x218.jpg 300w, https:\/\/www.lesarcsenciel.fr\/AeC\/wp-content\/uploads\/2017\/06\/Bd-2-768x558.jpg 768w, https:\/\/www.lesarcsenciel.fr\/AeC\/wp-content\/uploads\/2017\/06\/Bd-2.jpg 1106w\" sizes=\"auto, (max-width: 767px) 89vw, (max-width: 1000px) 54vw, (max-width: 1071px) 543px, 580px\" \/><\/p>\n<h2><\/h2>\n<h2>Photos du Site<\/h2>\n<p>&nbsp;<\/p>\n<p>&nbsp;<\/p>\n<p><a href=\"https:\/\/www.lesarcsenciel.fr\/AeC\/wp-content\/uploads\/2014\/11\/Montaud-ambiance-competition-B.-Malleval.jpg\"><img loading=\"lazy\" decoding=\"async\" class=\"alignleft size-thumbnail wp-image-4340\" src=\"http:\/\/lesarcsenciel.fr\/AeC\/wp-content\/uploads\/2014\/11\/Montaud-ambiance-competition-B.-Malleval-150x150.jpg\" alt=\"Montaud - ambiance competition - B. Malleval\" width=\"150\" height=\"150\" srcset=\"https:\/\/www.lesarcsenciel.fr\/AeC\/wp-content\/uploads\/2014\/11\/Montaud-ambiance-competition-B.-Malleval-150x150.jpg 150w, https:\/\/www.lesarcsenciel.fr\/AeC\/wp-content\/uploads\/2014\/11\/Montaud-ambiance-competition-B.-Malleval-100x100.jpg 100w\" sizes=\"auto, (max-width: 150px) 100vw, 150px\" \/><\/a><br \/>\n<a href=\"https:\/\/www.lesarcsenciel.fr\/AeC\/wp-content\/uploads\/2014\/11\/Montaud-vue-site-en-vol-AEC.jpg\"><img loading=\"lazy\" decoding=\"async\" class=\"alignleft size-thumbnail wp-image-4363\" src=\"http:\/\/lesarcsenciel.fr\/AeC\/wp-content\/uploads\/2014\/11\/Montaud-vue-site-en-vol-AEC-150x150.jpg\" alt=\"Montaud - vue site en vol - AEC\" width=\"150\" height=\"150\" srcset=\"https:\/\/www.lesarcsenciel.fr\/AeC\/wp-content\/uploads\/2014\/11\/Montaud-vue-site-en-vol-AEC-150x150.jpg 150w, https:\/\/www.lesarcsenciel.fr\/AeC\/wp-content\/uploads\/2014\/11\/Montaud-vue-site-en-vol-AEC-100x100.jpg 100w\" sizes=\"auto, (max-width: 150px) 100vw, 150px\" \/><\/a><br \/>\n<a href=\"https:\/\/www.lesarcsenciel.fr\/AeC\/wp-content\/uploads\/2014\/11\/Montaud-vue-site-depuis-atterro-AEC.jpg\"><img loading=\"lazy\" decoding=\"async\" class=\"alignleft size-thumbnail wp-image-4362\" src=\"http:\/\/lesarcsenciel.fr\/AeC\/wp-content\/uploads\/2014\/11\/Montaud-vue-site-depuis-atterro-AEC-150x150.jpg\" alt=\"Montaud - vue site depuis atterro - AEC\" width=\"150\" height=\"150\" srcset=\"https:\/\/www.lesarcsenciel.fr\/AeC\/wp-content\/uploads\/2014\/11\/Montaud-vue-site-depuis-atterro-AEC-150x150.jpg 150w, https:\/\/www.lesarcsenciel.fr\/AeC\/wp-content\/uploads\/2014\/11\/Montaud-vue-site-depuis-atterro-AEC-100x100.jpg 100w\" sizes=\"auto, (max-width: 150px) 100vw, 150px\" \/><\/a><br \/>\n<a href=\"https:\/\/www.lesarcsenciel.fr\/AeC\/wp-content\/uploads\/2014\/11\/Montaud-vue-deco-en-vol-B.-Malleval.jpg\"><img loading=\"lazy\" decoding=\"async\" class=\"alignleft size-thumbnail wp-image-4361\" src=\"http:\/\/lesarcsenciel.fr\/AeC\/wp-content\/uploads\/2014\/11\/Montaud-vue-deco-en-vol-B.-Malleval-150x150.jpg\" alt=\"Montaud - vue deco en vol - B. Malleval\" width=\"150\" height=\"150\" srcset=\"https:\/\/www.lesarcsenciel.fr\/AeC\/wp-content\/uploads\/2014\/11\/Montaud-vue-deco-en-vol-B.-Malleval-150x150.jpg 150w, https:\/\/www.lesarcsenciel.fr\/AeC\/wp-content\/uploads\/2014\/11\/Montaud-vue-deco-en-vol-B.-Malleval-100x100.jpg 100w\" sizes=\"auto, (max-width: 150px) 100vw, 150px\" \/><\/a><br \/>\n<a href=\"https:\/\/www.lesarcsenciel.fr\/AeC\/wp-content\/uploads\/2014\/11\/Montaud-vue-Chartreuse-Y.-Le-Bot.jpg\"><img loading=\"lazy\" decoding=\"async\" class=\"alignleft size-thumbnail wp-image-4360\" src=\"http:\/\/lesarcsenciel.fr\/AeC\/wp-content\/uploads\/2014\/11\/Montaud-vue-Chartreuse-Y.-Le-Bot-150x150.jpg\" alt=\"Montaud - vue Chartreuse - Y. Le Bot\" width=\"150\" height=\"150\" srcset=\"https:\/\/www.lesarcsenciel.fr\/AeC\/wp-content\/uploads\/2014\/11\/Montaud-vue-Chartreuse-Y.-Le-Bot-150x150.jpg 150w, https:\/\/www.lesarcsenciel.fr\/AeC\/wp-content\/uploads\/2014\/11\/Montaud-vue-Chartreuse-Y.-Le-Bot-100x100.jpg 100w\" sizes=\"auto, (max-width: 150px) 100vw, 150px\" \/><\/a><br \/>\n<a href=\"https:\/\/www.lesarcsenciel.fr\/AeC\/wp-content\/uploads\/2014\/11\/Montaud-vol-sous-les-barbulles-Y.-Le-Bot.jpg\"><img loading=\"lazy\" decoding=\"async\" class=\"alignleft size-thumbnail wp-image-4359\" src=\"http:\/\/lesarcsenciel.fr\/AeC\/wp-content\/uploads\/2014\/11\/Montaud-vol-sous-les-barbulles-Y.-Le-Bot-150x150.jpg\" alt=\"Montaud - vol sous les barbulles - Y. Le Bot\" width=\"150\" height=\"150\" srcset=\"https:\/\/www.lesarcsenciel.fr\/AeC\/wp-content\/uploads\/2014\/11\/Montaud-vol-sous-les-barbulles-Y.-Le-Bot-150x150.jpg 150w, https:\/\/www.lesarcsenciel.fr\/AeC\/wp-content\/uploads\/2014\/11\/Montaud-vol-sous-les-barbulles-Y.-Le-Bot-100x100.jpg 100w\" sizes=\"auto, (max-width: 150px) 100vw, 150px\" \/><\/a><br \/>\n<a href=\"https:\/\/www.lesarcsenciel.fr\/AeC\/wp-content\/uploads\/2014\/11\/Montaud-vol-inoubliable-J.-Roulain.jpg\"><img loading=\"lazy\" decoding=\"async\" class=\"alignleft size-thumbnail wp-image-4358\" src=\"http:\/\/lesarcsenciel.fr\/AeC\/wp-content\/uploads\/2014\/11\/Montaud-vol-inoubliable-J.-Roulain-150x150.jpg\" alt=\"Montaud - vol inoubliable - J. Roulain\" width=\"150\" height=\"150\" srcset=\"https:\/\/www.lesarcsenciel.fr\/AeC\/wp-content\/uploads\/2014\/11\/Montaud-vol-inoubliable-J.-Roulain-150x150.jpg 150w, https:\/\/www.lesarcsenciel.fr\/AeC\/wp-content\/uploads\/2014\/11\/Montaud-vol-inoubliable-J.-Roulain-100x100.jpg 100w\" sizes=\"auto, (max-width: 150px) 100vw, 150px\" \/><\/a><br \/>\n<a href=\"https:\/\/www.lesarcsenciel.fr\/AeC\/wp-content\/uploads\/2014\/11\/Montaud-un-arc-en-ciel-pour-les-AEC-Y.-Le-Bot.jpg\"><img loading=\"lazy\" decoding=\"async\" class=\"alignleft size-thumbnail wp-image-4357\" src=\"http:\/\/lesarcsenciel.fr\/AeC\/wp-content\/uploads\/2014\/11\/Montaud-un-arc-en-ciel-pour-les-AEC-Y.-Le-Bot-150x150.jpg\" alt=\"Montaud - un arc en ciel pour les AEC ! - Y. Le Bot\" width=\"150\" height=\"150\" srcset=\"https:\/\/www.lesarcsenciel.fr\/AeC\/wp-content\/uploads\/2014\/11\/Montaud-un-arc-en-ciel-pour-les-AEC-Y.-Le-Bot-150x150.jpg 150w, https:\/\/www.lesarcsenciel.fr\/AeC\/wp-content\/uploads\/2014\/11\/Montaud-un-arc-en-ciel-pour-les-AEC-Y.-Le-Bot-100x100.jpg 100w\" sizes=\"auto, (max-width: 150px) 100vw, 150px\" \/><\/a><br \/>\n<a href=\"https:\/\/www.lesarcsenciel.fr\/AeC\/wp-content\/uploads\/2014\/11\/Montaud-Tout-ce-qui-vole-B.-Malleval.jpg\"><img loading=\"lazy\" decoding=\"async\" class=\"alignleft size-thumbnail wp-image-4356\" src=\"http:\/\/lesarcsenciel.fr\/AeC\/wp-content\/uploads\/2014\/11\/Montaud-Tout-ce-qui-vole-B.-Malleval-150x150.jpg\" alt=\"Montaud - Tout ce qui vole - B. Malleval\" width=\"150\" height=\"150\" srcset=\"https:\/\/www.lesarcsenciel.fr\/AeC\/wp-content\/uploads\/2014\/11\/Montaud-Tout-ce-qui-vole-B.-Malleval-150x150.jpg 150w, https:\/\/www.lesarcsenciel.fr\/AeC\/wp-content\/uploads\/2014\/11\/Montaud-Tout-ce-qui-vole-B.-Malleval-100x100.jpg 100w\" sizes=\"auto, (max-width: 150px) 100vw, 150px\" \/><\/a><br \/>\n<a href=\"https:\/\/www.lesarcsenciel.fr\/AeC\/wp-content\/uploads\/2014\/11\/Montaud-panneau-atterro-T.-Billon.jpg\"><img loading=\"lazy\" decoding=\"async\" class=\"alignleft size-thumbnail wp-image-4355\" src=\"http:\/\/lesarcsenciel.fr\/AeC\/wp-content\/uploads\/2014\/11\/Montaud-panneau-atterro-T.-Billon-150x150.jpg\" alt=\"Montaud - panneau atterro - T. Billon\" width=\"150\" height=\"150\" srcset=\"https:\/\/www.lesarcsenciel.fr\/AeC\/wp-content\/uploads\/2014\/11\/Montaud-panneau-atterro-T.-Billon-150x150.jpg 150w, https:\/\/www.lesarcsenciel.fr\/AeC\/wp-content\/uploads\/2014\/11\/Montaud-panneau-atterro-T.-Billon-100x100.jpg 100w\" sizes=\"auto, (max-width: 150px) 100vw, 150px\" \/><\/a><br \/>\n<a href=\"https:\/\/www.lesarcsenciel.fr\/AeC\/wp-content\/uploads\/2014\/11\/Montaud-en-vol-J.-Roulain.jpg\"><img loading=\"lazy\" decoding=\"async\" class=\"alignleft size-thumbnail wp-image-4354\" src=\"http:\/\/lesarcsenciel.fr\/AeC\/wp-content\/uploads\/2014\/11\/Montaud-en-vol-J.-Roulain-150x150.jpg\" alt=\"Montaud - en vol - J. Roulain\" width=\"150\" height=\"150\" srcset=\"https:\/\/www.lesarcsenciel.fr\/AeC\/wp-content\/uploads\/2014\/11\/Montaud-en-vol-J.-Roulain-150x150.jpg 150w, https:\/\/www.lesarcsenciel.fr\/AeC\/wp-content\/uploads\/2014\/11\/Montaud-en-vol-J.-Roulain-100x100.jpg 100w\" sizes=\"auto, (max-width: 150px) 100vw, 150px\" \/><\/a><br \/>\n<a href=\"https:\/\/www.lesarcsenciel.fr\/AeC\/wp-content\/uploads\/2014\/11\/Montaud-eclairage-magique-Y.-Le-Bot.jpg\"><img loading=\"lazy\" decoding=\"async\" class=\"alignleft size-thumbnail wp-image-4353\" src=\"http:\/\/lesarcsenciel.fr\/AeC\/wp-content\/uploads\/2014\/11\/Montaud-eclairage-magique-Y.-Le-Bot-150x150.jpg\" alt=\"Montaud - eclairage magique - Y. Le Bot\" width=\"150\" height=\"150\" srcset=\"https:\/\/www.lesarcsenciel.fr\/AeC\/wp-content\/uploads\/2014\/11\/Montaud-eclairage-magique-Y.-Le-Bot-150x150.jpg 150w, https:\/\/www.lesarcsenciel.fr\/AeC\/wp-content\/uploads\/2014\/11\/Montaud-eclairage-magique-Y.-Le-Bot-100x100.jpg 100w\" sizes=\"auto, (max-width: 150px) 100vw, 150px\" \/><\/a><br \/>\n<a href=\"https:\/\/www.lesarcsenciel.fr\/AeC\/wp-content\/uploads\/2014\/11\/Montaud-decollage-face-voile-2-AEC.jpg\"><img loading=\"lazy\" decoding=\"async\" class=\"alignleft size-thumbnail wp-image-4352\" src=\"http:\/\/lesarcsenciel.fr\/AeC\/wp-content\/uploads\/2014\/11\/Montaud-decollage-face-voile-2-AEC-150x150.jpg\" alt=\"Montaud - decollage face voile 2 - AEC\" width=\"150\" height=\"150\" srcset=\"https:\/\/www.lesarcsenciel.fr\/AeC\/wp-content\/uploads\/2014\/11\/Montaud-decollage-face-voile-2-AEC-150x150.jpg 150w, https:\/\/www.lesarcsenciel.fr\/AeC\/wp-content\/uploads\/2014\/11\/Montaud-decollage-face-voile-2-AEC-100x100.jpg 100w\" sizes=\"auto, (max-width: 150px) 100vw, 150px\" \/><\/a><br \/>\n<a href=\"https:\/\/www.lesarcsenciel.fr\/AeC\/wp-content\/uploads\/2014\/11\/Montaud-decollage-face-voile-AEC.jpg\"><img loading=\"lazy\" decoding=\"async\" class=\"alignleft size-thumbnail wp-image-4351\" src=\"http:\/\/lesarcsenciel.fr\/AeC\/wp-content\/uploads\/2014\/11\/Montaud-decollage-face-voile-AEC-150x150.jpg\" alt=\"Montaud - decollage face voile - AEC\" width=\"150\" height=\"150\" srcset=\"https:\/\/www.lesarcsenciel.fr\/AeC\/wp-content\/uploads\/2014\/11\/Montaud-decollage-face-voile-AEC-150x150.jpg 150w, https:\/\/www.lesarcsenciel.fr\/AeC\/wp-content\/uploads\/2014\/11\/Montaud-decollage-face-voile-AEC-100x100.jpg 100w\" sizes=\"auto, (max-width: 150px) 100vw, 150px\" \/><\/a><br \/>\n<a href=\"https:\/\/www.lesarcsenciel.fr\/AeC\/wp-content\/uploads\/2014\/11\/Montaud-decollage-bent38.blogspot.com-M.-Flaux.jpg\"><img loading=\"lazy\" decoding=\"async\" class=\"alignleft size-thumbnail wp-image-4349\" src=\"http:\/\/lesarcsenciel.fr\/AeC\/wp-content\/uploads\/2014\/11\/Montaud-decollage-bent38.blogspot.com-M.-Flaux-150x150.jpg\" alt=\"Montaud - decollage - bent38.blogspot.com M. Flaux\" width=\"150\" height=\"150\" srcset=\"https:\/\/www.lesarcsenciel.fr\/AeC\/wp-content\/uploads\/2014\/11\/Montaud-decollage-bent38.blogspot.com-M.-Flaux-150x150.jpg 150w, https:\/\/www.lesarcsenciel.fr\/AeC\/wp-content\/uploads\/2014\/11\/Montaud-decollage-bent38.blogspot.com-M.-Flaux-100x100.jpg 100w\" sizes=\"auto, (max-width: 150px) 100vw, 150px\" \/><\/a><br \/>\n<a href=\"https:\/\/www.lesarcsenciel.fr\/AeC\/wp-content\/uploads\/2014\/11\/Montaud-deco-et-atterro-J.-Roulain.jpg\"><img loading=\"lazy\" decoding=\"async\" class=\"alignleft size-thumbnail wp-image-4346\" src=\"http:\/\/lesarcsenciel.fr\/AeC\/wp-content\/uploads\/2014\/11\/Montaud-deco-et-atterro-J.-Roulain-150x150.jpg\" alt=\"Montaud - deco et atterro - J. Roulain\" width=\"150\" height=\"150\" srcset=\"https:\/\/www.lesarcsenciel.fr\/AeC\/wp-content\/uploads\/2014\/11\/Montaud-deco-et-atterro-J.-Roulain-150x150.jpg 150w, https:\/\/www.lesarcsenciel.fr\/AeC\/wp-content\/uploads\/2014\/11\/Montaud-deco-et-atterro-J.-Roulain-100x100.jpg 100w\" sizes=\"auto, (max-width: 150px) 100vw, 150px\" \/><\/a><br \/>\n<a href=\"https:\/\/www.lesarcsenciel.fr\/AeC\/wp-content\/uploads\/2014\/11\/Montaud-cretes-AEC.jpg\"><img loading=\"lazy\" decoding=\"async\" class=\"alignleft size-thumbnail wp-image-4345\" src=\"http:\/\/lesarcsenciel.fr\/AeC\/wp-content\/uploads\/2014\/11\/Montaud-cretes-AEC-150x150.jpg\" alt=\"Montaud - cretes - AEC\" width=\"150\" height=\"150\" srcset=\"https:\/\/www.lesarcsenciel.fr\/AeC\/wp-content\/uploads\/2014\/11\/Montaud-cretes-AEC-150x150.jpg 150w, https:\/\/www.lesarcsenciel.fr\/AeC\/wp-content\/uploads\/2014\/11\/Montaud-cretes-AEC-100x100.jpg 100w\" sizes=\"auto, (max-width: 150px) 100vw, 150px\" \/><\/a><br \/>\n<a href=\"https:\/\/www.lesarcsenciel.fr\/AeC\/wp-content\/uploads\/2014\/11\/Montaud-controle-aile-AEC.jpg\"><img loading=\"lazy\" decoding=\"async\" class=\"alignleft size-thumbnail wp-image-4344\" src=\"http:\/\/lesarcsenciel.fr\/AeC\/wp-content\/uploads\/2014\/11\/Montaud-controle-aile-AEC-150x150.jpg\" alt=\"Montaud - controle aile - AEC\" width=\"150\" height=\"150\" srcset=\"https:\/\/www.lesarcsenciel.fr\/AeC\/wp-content\/uploads\/2014\/11\/Montaud-controle-aile-AEC-150x150.jpg 150w, https:\/\/www.lesarcsenciel.fr\/AeC\/wp-content\/uploads\/2014\/11\/Montaud-controle-aile-AEC-100x100.jpg 100w\" sizes=\"auto, (max-width: 150px) 100vw, 150px\" \/><\/a><br \/>\n<a href=\"https:\/\/www.lesarcsenciel.fr\/AeC\/wp-content\/uploads\/2014\/11\/Montaud-beaute-des-couleurs-F.-Colin.jpg\"><img loading=\"lazy\" decoding=\"async\" class=\"alignleft size-thumbnail wp-image-4343\" src=\"http:\/\/lesarcsenciel.fr\/AeC\/wp-content\/uploads\/2014\/11\/Montaud-beaute-des-couleurs-F.-Colin-150x150.jpg\" alt=\"Montaud - beaute des couleurs - F. Colin\" width=\"150\" height=\"150\" srcset=\"https:\/\/www.lesarcsenciel.fr\/AeC\/wp-content\/uploads\/2014\/11\/Montaud-beaute-des-couleurs-F.-Colin-150x150.jpg 150w, https:\/\/www.lesarcsenciel.fr\/AeC\/wp-content\/uploads\/2014\/11\/Montaud-beaute-des-couleurs-F.-Colin-100x100.jpg 100w\" sizes=\"auto, (max-width: 150px) 100vw, 150px\" \/><\/a><br \/>\n<a href=\"https:\/\/www.lesarcsenciel.fr\/AeC\/wp-content\/uploads\/2014\/11\/Montaud-atterrissages-AEC.jpg\"><img loading=\"lazy\" decoding=\"async\" class=\"alignleft size-thumbnail wp-image-4342\" src=\"http:\/\/lesarcsenciel.fr\/AeC\/wp-content\/uploads\/2014\/11\/Montaud-atterrissages-AEC-150x150.jpg\" alt=\"Montaud - atterrissages - AEC\" width=\"150\" height=\"150\" srcset=\"https:\/\/www.lesarcsenciel.fr\/AeC\/wp-content\/uploads\/2014\/11\/Montaud-atterrissages-AEC-150x150.jpg 150w, https:\/\/www.lesarcsenciel.fr\/AeC\/wp-content\/uploads\/2014\/11\/Montaud-atterrissages-AEC-100x100.jpg 100w\" sizes=\"auto, (max-width: 150px) 100vw, 150px\" \/><\/a><br \/>\n<a href=\"https:\/\/www.lesarcsenciel.fr\/AeC\/wp-content\/uploads\/2014\/11\/Montaud-approche-de-la-Buffe-Y.-Le-Bot.jpg\"><img loading=\"lazy\" decoding=\"async\" class=\"alignleft size-thumbnail wp-image-4341\" src=\"http:\/\/lesarcsenciel.fr\/AeC\/wp-content\/uploads\/2014\/11\/Montaud-approche-de-la-Buffe-Y.-Le-Bot-150x150.jpg\" alt=\"Montaud - approche de la Buffe - Y. Le Bot\" width=\"150\" height=\"150\" srcset=\"https:\/\/www.lesarcsenciel.fr\/AeC\/wp-content\/uploads\/2014\/11\/Montaud-approche-de-la-Buffe-Y.-Le-Bot-150x150.jpg 150w, https:\/\/www.lesarcsenciel.fr\/AeC\/wp-content\/uploads\/2014\/11\/Montaud-approche-de-la-Buffe-Y.-Le-Bot-100x100.jpg 100w\" sizes=\"auto, (max-width: 150px) 100vw, 150px\" \/><\/a><\/p>\n","protected":false},"excerpt":{"rendered":"<p>&nbsp; &nbsp; Atterro vue du ciel Montaud Montaud est un magnifique site d\u2019apr\u00e8s-midi et de soir\u00e9e. Son orientation et les falaises font qu\u2019il n\u2019est au soleil qu\u2019en d\u00e9but d\u2019apr\u00e8s-midi et ce, d\u2019avril \u00e0 octobre. Mais les vols qu\u2019il permet sont fabuleux : 3 km de soaring le long des falaises, cross le long du Vercors &hellip; <\/p>\n<p class=\"link-more\"><a href=\"https:\/\/www.lesarcsenciel.fr\/AeC\/ou-voler\/montaud-2\/\" class=\"more-link\">Continuer la lecture<span class=\"screen-reader-text\"> de &laquo;&nbsp;Montaud&nbsp;&raquo;<\/span><\/a><\/p>\n","protected":false},"author":2,"featured_media":0,"parent":2116,"menu_order":0,"comment_status":"closed","ping_status":"closed","template":"","meta":{"_seopress_robots_primary_cat":"","_seopress_titles_title":"","_seopress_titles_desc":"","_seopress_robots_index":"","footnotes":""},"class_list":["post-4301","page","type-page","status-publish","hentry"],"_links":{"self":[{"href":"https:\/\/www.lesarcsenciel.fr\/AeC\/wp-json\/wp\/v2\/pages\/4301","targetHints":{"allow":["GET"]}}],"collection":[{"href":"https:\/\/www.lesarcsenciel.fr\/AeC\/wp-json\/wp\/v2\/pages"}],"about":[{"href":"https:\/\/www.lesarcsenciel.fr\/AeC\/wp-json\/wp\/v2\/types\/page"}],"author":[{"embeddable":true,"href":"https:\/\/www.lesarcsenciel.fr\/AeC\/wp-json\/wp\/v2\/users\/2"}],"replies":[{"embeddable":true,"href":"https:\/\/www.lesarcsenciel.fr\/AeC\/wp-json\/wp\/v2\/comments?post=4301"}],"version-history":[{"count":9,"href":"https:\/\/www.lesarcsenciel.fr\/AeC\/wp-json\/wp\/v2\/pages\/4301\/revisions"}],"predecessor-version":[{"id":9948,"href":"https:\/\/www.lesarcsenciel.fr\/AeC\/wp-json\/wp\/v2\/pages\/4301\/revisions\/9948"}],"up":[{"embeddable":true,"href":"https:\/\/www.lesarcsenciel.fr\/AeC\/wp-json\/wp\/v2\/pages\/2116"}],"wp:attachment":[{"href":"https:\/\/www.lesarcsenciel.fr\/AeC\/wp-json\/wp\/v2\/media?parent=4301"}],"curies":[{"name":"wp","href":"https:\/\/api.w.org\/{rel}","templated":true}]}}