{"id":2100,"date":"2012-06-17T19:47:52","date_gmt":"2012-06-17T18:47:52","guid":{"rendered":"http:\/\/lesarcsenciel.fr\/AeC\/?page_id=2100"},"modified":"2025-03-23T17:40:25","modified_gmt":"2025-03-23T16:40:25","slug":"le-club","status":"publish","type":"page","link":"https:\/\/www.lesarcsenciel.fr\/AeC\/","title":{"rendered":"Le club"},"content":{"rendered":"<div id='gallery-1' class='gallery galleryid-2100 gallery-columns-3 gallery-size-thumbnail'><figure class='gallery-item'>\n\t\t\t<div class='gallery-icon landscape'>\n\t\t\t\t<a href='https:\/\/www.lesarcsenciel.fr\/AeC\/le-club\/club_1-2\/'><img loading=\"lazy\" decoding=\"async\" width=\"150\" height=\"150\" src=\"https:\/\/www.lesarcsenciel.fr\/AeC\/wp-content\/uploads\/2012\/06\/club_1-150x150.jpg\" class=\"attachment-thumbnail size-thumbnail\" alt=\"Voler en parapente\" srcset=\"https:\/\/www.lesarcsenciel.fr\/AeC\/wp-content\/uploads\/2012\/06\/club_1-150x150.jpg 150w, https:\/\/www.lesarcsenciel.fr\/AeC\/wp-content\/uploads\/2012\/06\/club_1-100x100.jpg 100w\" sizes=\"auto, 100vw\" \/><\/a>\n\t\t\t<\/div><\/figure><figure class='gallery-item'>\n\t\t\t<div class='gallery-icon landscape'>\n\t\t\t\t<a href='https:\/\/www.lesarcsenciel.fr\/AeC\/le-club\/club_2-2\/'><img loading=\"lazy\" decoding=\"async\" width=\"150\" height=\"150\" src=\"https:\/\/www.lesarcsenciel.fr\/AeC\/wp-content\/uploads\/2012\/06\/club_2-150x150.jpg\" class=\"attachment-thumbnail size-thumbnail\" alt=\"D\u00e9coller de Chalais\" srcset=\"https:\/\/www.lesarcsenciel.fr\/AeC\/wp-content\/uploads\/2012\/06\/club_2-150x150.jpg 150w, https:\/\/www.lesarcsenciel.fr\/AeC\/wp-content\/uploads\/2012\/06\/club_2-100x100.jpg 100w\" sizes=\"auto, 100vw\" \/><\/a>\n\t\t\t<\/div><\/figure><figure class='gallery-item'>\n\t\t\t<div class='gallery-icon portrait'>\n\t\t\t\t<a href='https:\/\/www.lesarcsenciel.fr\/AeC\/le-club\/club_3-2\/'><img loading=\"lazy\" decoding=\"async\" width=\"150\" height=\"150\" src=\"https:\/\/www.lesarcsenciel.fr\/AeC\/wp-content\/uploads\/2012\/06\/club_3-150x150.jpg\" class=\"attachment-thumbnail size-thumbnail\" alt=\"Vol contemplatif\" srcset=\"https:\/\/www.lesarcsenciel.fr\/AeC\/wp-content\/uploads\/2012\/06\/club_3-150x150.jpg 150w, https:\/\/www.lesarcsenciel.fr\/AeC\/wp-content\/uploads\/2012\/06\/club_3-100x100.jpg 100w\" sizes=\"auto, 100vw\" \/><\/a>\n\t\t\t<\/div><\/figure>\n\t\t<\/div>\n\n<h2>Le club de parapente de Voreppe<\/h2>\n<p>Le club a \u00e9t\u00e9 cr\u00e9\u00e9 en 1987 par quelques passionn\u00e9s qui ont d\u00e9frich\u00e9 (au sens figur\u00e9 et au sens propre) plusieurs sites aux environs de Voreppe. Gestionnaire des sites de Chalais (Sud) et de Montaud (Nord), le club fr\u00e9quente aussi r\u00e9guli\u00e8rement celui du Grand Ratz (Ouest) g\u00e9r\u00e9 par le club des Buses du Grand Ratz.<\/p>\n<h3>Voler en Is\u00e8re pr\u00e8s de Grenoble<\/h3>\n<p>D\u00e8s le printemps, nous nous retrouvons sur nos sites ou ceux des environs apr\u00e8s le boulot pour un p\u2019tit vol du soir ou pour la journ\u00e9e quand \u00ab\u00a0\u00e7a veut bien le faire\u00a0\u00bb. Le club organise \u00e9galement des sorties sur d\u2019autres sites des Alpes ou sur d&rsquo;autres massifs en France ou \u00e0 l\u2019\u00e9tranger. L&rsquo;automne est la saison du marche et vole ; c&rsquo;est l&rsquo;occasion pour nous d&rsquo;aller voler depuis des sommets plus sauvages dans le respect de la r\u00e8glementation locale. Enfin, en hiver nous participons aux challenges Vol &amp; Ski organis\u00e9s conjointement par les stations de ski, la FFVL et Parapente Magazine.<\/p>\n<h3>S\u00e9curit\u00e9 avant tout<\/h3>\n<p>La priorit\u00e9 du club est de permettre \u00e0 ses membres de voler en s\u00e9curit\u00e9. A ce titre, le club organise deux fois par an des sessions de pliage des secours encadr\u00e9s par des membres form\u00e9s par la FFVL. Il organise \u00e9galement avec des prestataires des stages de remise en l&rsquo;air au d\u00e9but du printemps ou des stages de perfectionnement.<\/p>\n<h3>La vie associative de Voreppe<\/h3>\n<p>Le club tient \u00e9galement \u00e0 s&rsquo;impliquer dans la vie associative de Voreppe en organisant avec la mairie des journ\u00e9es biplace pour les enfants de la commune ou en leur faisant d\u00e9couvrir le gonflage lors des \u00ab\u00a0olympiades\u00a0\u00bb qui ont lieu chaque ann\u00e9e au mois de mai.<\/p>\n<h3>Pour nous rejoindre<\/h3>\n<p>Venez nous rencontrer lors de notre r\u00e9union mensuelle le premier mercredi du mois \u00e0 20h \u00e0 la salle Xavier Jouvin de Voreppe.<\/p>\n<p>Vous trouverez en bas de page toutes les informations pour nous contacter.<\/p>\n<p><a href=\"https:\/\/intranet.ffvl.fr\/structure\/411\" target=\"_blank\" rel=\"noopener noreferrer\">Retrouvez les informations du club sur le site de la FFVL.<\/a><\/p>\n","protected":false},"excerpt":{"rendered":"<p>Le club de parapente de Voreppe Le club a \u00e9t\u00e9 cr\u00e9\u00e9 en 1987 par quelques passionn\u00e9s qui ont d\u00e9frich\u00e9 (au sens figur\u00e9 et au sens propre) plusieurs sites aux environs de Voreppe. Gestionnaire des sites de Chalais (Sud) et de Montaud (Nord), le club fr\u00e9quente aussi r\u00e9guli\u00e8rement celui du Grand Ratz (Ouest) g\u00e9r\u00e9 par le &hellip; <\/p>\n<p class=\"link-more\"><a href=\"https:\/\/www.lesarcsenciel.fr\/AeC\/\" class=\"more-link\">Continuer la lecture<span class=\"screen-reader-text\"> de &laquo;&nbsp;Le club&nbsp;&raquo;<\/span><\/a><\/p>\n","protected":false},"author":2,"featured_media":0,"parent":0,"menu_order":0,"comment_status":"closed","ping_status":"open","template":"","meta":{"_seopress_robots_primary_cat":"","_seopress_titles_title":"","_seopress_titles_desc":"Un club convivial quel que soit votre niveau. Vous voulez voler avec du monde, apprendre, transmettre. Ce club est fait pour vous.","_seopress_robots_index":"","footnotes":""},"class_list":["post-2100","page","type-page","status-publish","hentry"],"_links":{"self":[{"href":"https:\/\/www.lesarcsenciel.fr\/AeC\/wp-json\/wp\/v2\/pages\/2100","targetHints":{"allow":["GET"]}}],"collection":[{"href":"https:\/\/www.lesarcsenciel.fr\/AeC\/wp-json\/wp\/v2\/pages"}],"about":[{"href":"https:\/\/www.lesarcsenciel.fr\/AeC\/wp-json\/wp\/v2\/types\/page"}],"author":[{"embeddable":true,"href":"https:\/\/www.lesarcsenciel.fr\/AeC\/wp-json\/wp\/v2\/users\/2"}],"replies":[{"embeddable":true,"href":"https:\/\/www.lesarcsenciel.fr\/AeC\/wp-json\/wp\/v2\/comments?post=2100"}],"version-history":[{"count":9,"href":"https:\/\/www.lesarcsenciel.fr\/AeC\/wp-json\/wp\/v2\/pages\/2100\/revisions"}],"predecessor-version":[{"id":9802,"href":"https:\/\/www.lesarcsenciel.fr\/AeC\/wp-json\/wp\/v2\/pages\/2100\/revisions\/9802"}],"wp:attachment":[{"href":"https:\/\/www.lesarcsenciel.fr\/AeC\/wp-json\/wp\/v2\/media?parent=2100"}],"curies":[{"name":"wp","href":"https:\/\/api.w.org\/{rel}","templated":true}]}}